{"id":3087,"date":"2023-03-01T14:30:17","date_gmt":"2023-03-01T13:30:17","guid":{"rendered":"https:\/\/www.guidomazzarello.it\/vini\/"},"modified":"2024-04-04T14:44:06","modified_gmt":"2024-04-04T12:44:06","slug":"wines","status":"publish","type":"page","link":"https:\/\/dev.guidomazzarello.it\/en\/wines\/","title":{"rendered":"wines"},"content":{"rendered":"\t\t<div data-elementor-type=\"wp-page\" data-elementor-id=\"3087\" class=\"elementor elementor-3087 elementor-52\" data-elementor-post-type=\"page\">\n\t\t\t\t<div class=\"elementor-element elementor-element-946c457 e-flex e-con-boxed e-con e-parent\" data-id=\"946c457\" data-element_type=\"container\" data-e-type=\"container\" data-settings=\"{&quot;background_background&quot;:&quot;classic&quot;,&quot;jet_parallax_layout_list&quot;:[]}\">\n\t\t\t\t\t<div class=\"e-con-inner\">\n\t\t\t\t<div class=\"elementor-element elementor-element-19e4f6f elementor-invisible elementor-widget elementor-widget-heading\" data-id=\"19e4f6f\" data-element_type=\"widget\" data-e-type=\"widget\" data-settings=\"{&quot;_animation&quot;:&quot;fadeIn&quot;}\" data-widget_type=\"heading.default\">\n\t\t\t\t<div class=\"elementor-widget-container\">\n\t\t\t\t\t<h1 class=\"elementor-heading-title elementor-size-default\">The Wines<\/h1>\t\t\t\t<\/div>\n\t\t\t\t<\/div>\n\t\t\t\t\t<\/div>\n\t\t\t\t<\/div>\n\t\t<div class=\"elementor-element elementor-element-17df478 e-flex e-con-boxed e-con e-parent\" data-id=\"17df478\" data-element_type=\"container\" data-e-type=\"container\" data-settings=\"{&quot;jet_parallax_layout_list&quot;:[]}\">\n\t\t\t\t\t<div class=\"e-con-inner\">\n\t\t\t\t<div class=\"elementor-element elementor-element-3726737 elementor-widget elementor-widget-heading\" data-id=\"3726737\" data-element_type=\"widget\" data-e-type=\"widget\" data-widget_type=\"heading.default\">\n\t\t\t\t<div class=\"elementor-widget-container\">\n\t\t\t\t\t<h2 class=\"elementor-heading-title elementor-size-default\">line Poggio<\/h2>\t\t\t\t<\/div>\n\t\t\t\t<\/div>\n\t\t\t\t<div class=\"elementor-element elementor-element-91c0cf6 elementor-hidden-tablet elementor-hidden-mobile elementor-widget elementor-widget-jet-carousel\" data-id=\"91c0cf6\" data-element_type=\"widget\" data-e-type=\"widget\" data-settings=\"{&quot;slides_to_show&quot;:&quot;4&quot;,&quot;slides_to_scroll&quot;:&quot;1&quot;}\" data-widget_type=\"jet-carousel.default\">\n\t\t\t\t<div class=\"elementor-widget-container\">\n\t\t\t\t\t<div class=\"elementor-jet-carousel jet-elements\"><div class=\"jet-carousel-wrap jet-equal-cols\">\n\t<div class=\"jet-carousel\" data-slider_options=\"{&quot;autoplaySpeed&quot;:5000,&quot;autoplay&quot;:true,&quot;infinite&quot;:true,&quot;centerMode&quot;:false,&quot;centerPadding&quot;:&quot;50px&quot;,&quot;pauseOnHover&quot;:false,&quot;speed&quot;:500,&quot;arrows&quot;:true,&quot;dots&quot;:false,&quot;variableWidth&quot;:false,&quot;prevArrow&quot;:&quot;.jet-carousel__prev-arrow-91c0cf6&quot;,&quot;nextArrow&quot;:&quot;.jet-carousel__next-arrow-91c0cf6&quot;,&quot;rtl&quot;:false,&quot;fractionNav&quot;:false}\" dir=\"ltr\">\n\t<div class=\"elementor-slick-slider\">\n\n<div class=\"jet-carousel__item\">\n\t<div class=\"jet-carousel__item-inner\"><div class=\"jet-carousel__content\"><\/div><\/div>\n<\/div>\n\n<div class=\"jet-carousel__item\">\n\t<div class=\"jet-carousel__item-inner\"><a href=\"https:\/\/dev.guidomazzarello.it\/en\/wines\/barbera-dasti-superiore\/\" class=\"jet-carousel__item-link\" ><img decoding=\"async\" src=\"https:\/\/dev.guidomazzarello.it\/wp-content\/uploads\/2023\/07\/Barbera-Asti-superiore.jpg\" class=\"jet-carousel__item-img\" alt=\"Barbera-Asti-superiore\" loading=\"lazy\"><\/a><div class=\"jet-carousel__content\"><h5 class=\"jet-carousel__item-title\"><a href=\"https:\/\/dev.guidomazzarello.it\/en\/wines\/barbera-dasti-superiore\/\">Barbera d\u2019Asti Superiore DOCG<\/a><\/h5><div class=\"jet-carousel__item-text\"><p>Poggio della Quercia<\/p><\/div><\/div><\/div>\n<\/div>\n\n<div class=\"jet-carousel__item\">\n\t<div class=\"jet-carousel__item-inner\"><a href=\"https:\/\/dev.guidomazzarello.it\/en\/wines\/gavi-del-comune-di-gavi-docg\/\" class=\"jet-carousel__item-link\" ><img decoding=\"async\" src=\"https:\/\/dev.guidomazzarello.it\/wp-content\/uploads\/2023\/07\/Gavi-del-comune-di-Gavi.jpg\" class=\"jet-carousel__item-img\" alt=\"Gavi-del-comune-di-Gavi\" loading=\"lazy\"><\/a><div class=\"jet-carousel__content\"><h5 class=\"jet-carousel__item-title\"><a href=\"https:\/\/dev.guidomazzarello.it\/en\/wines\/gavi-del-comune-di-gavi-docg\/\">Gavi del comune di Gavi DOCG<\/a><\/h5><div class=\"jet-carousel__item-text\"><p>Poggio del Tiglio<\/p><\/div><\/div><\/div>\n<\/div>\n\n<div class=\"jet-carousel__item\">\n\t<div class=\"jet-carousel__item-inner\"><div class=\"jet-carousel__content\"><\/div><\/div>\n<\/div>\n<\/div><div class=\"jet-carousel__prev-arrow-91c0cf6 jet-arrow prev-arrow\"><i aria-hidden=\"true\" class=\"fas fa-angle-left\"><\/i><\/div><div class=\"jet-carousel__next-arrow-91c0cf6 jet-arrow next-arrow\"><i aria-hidden=\"true\" class=\"fas fa-angle-right\"><\/i><\/div><\/div>\n<\/div>\n<\/div>\t\t\t\t<\/div>\n\t\t\t\t<\/div>\n\t\t\t\t<div class=\"elementor-element elementor-element-386d1dd elementor-hidden-desktop elementor-widget elementor-widget-jet-carousel\" data-id=\"386d1dd\" data-element_type=\"widget\" data-e-type=\"widget\" data-settings=\"{&quot;slides_to_show&quot;:&quot;4&quot;,&quot;slides_to_show_tablet&quot;:&quot;2&quot;,&quot;slides_to_show_mobile&quot;:&quot;1&quot;,&quot;slides_to_scroll&quot;:&quot;1&quot;}\" data-widget_type=\"jet-carousel.default\">\n\t\t\t\t<div class=\"elementor-widget-container\">\n\t\t\t\t\t<div class=\"elementor-jet-carousel jet-elements\"><div class=\"jet-carousel-wrap jet-equal-cols\">\n\t<div class=\"jet-carousel\" data-slider_options=\"{&quot;autoplaySpeed&quot;:5000,&quot;autoplay&quot;:true,&quot;infinite&quot;:true,&quot;centerMode&quot;:false,&quot;centerPadding&quot;:&quot;50px&quot;,&quot;pauseOnHover&quot;:false,&quot;speed&quot;:500,&quot;arrows&quot;:true,&quot;dots&quot;:false,&quot;variableWidth&quot;:false,&quot;prevArrow&quot;:&quot;.jet-carousel__prev-arrow-386d1dd&quot;,&quot;nextArrow&quot;:&quot;.jet-carousel__next-arrow-386d1dd&quot;,&quot;rtl&quot;:false,&quot;fractionNav&quot;:false}\" dir=\"ltr\">\n\t<div class=\"elementor-slick-slider\">\n\n<div class=\"jet-carousel__item\">\n\t<div class=\"jet-carousel__item-inner\"><a href=\"https:\/\/dev.guidomazzarello.it\/vini\/barbera-dasti-superiore\/\" class=\"jet-carousel__item-link\" ><img decoding=\"async\" src=\"https:\/\/dev.guidomazzarello.it\/wp-content\/uploads\/2023\/07\/Barbera-Asti-superiore.jpg\" class=\"jet-carousel__item-img\" alt=\"Barbera-Asti-superiore\" loading=\"lazy\"><\/a><div class=\"jet-carousel__content\"><h5 class=\"jet-carousel__item-title\"><a href=\"https:\/\/dev.guidomazzarello.it\/vini\/barbera-dasti-superiore\/\">Barbera d\u2019Asti Superiore DOCG<\/a><\/h5><div class=\"jet-carousel__item-text\"><p>Poggio della Quercia<\/p><\/div><\/div><\/div>\n<\/div>\n\n<div class=\"jet-carousel__item\">\n\t<div class=\"jet-carousel__item-inner\"><a href=\"https:\/\/dev.guidomazzarello.it\/gavi-del-comune-di-gavi-docg\/\" class=\"jet-carousel__item-link\" ><img decoding=\"async\" src=\"https:\/\/dev.guidomazzarello.it\/wp-content\/uploads\/2023\/07\/Gavi-del-comune-di-Gavi.jpg\" class=\"jet-carousel__item-img\" alt=\"Gavi-del-comune-di-Gavi\" loading=\"lazy\"><\/a><div class=\"jet-carousel__content\"><h5 class=\"jet-carousel__item-title\"><a href=\"https:\/\/dev.guidomazzarello.it\/gavi-del-comune-di-gavi-docg\/\">Gavi del comune di Gavi DOCG<\/a><\/h5><div class=\"jet-carousel__item-text\"><p>Poggio del Tiglio<\/p><\/div><\/div><\/div>\n<\/div>\n<\/div><div class=\"jet-carousel__prev-arrow-386d1dd jet-arrow prev-arrow\"><i aria-hidden=\"true\" class=\"fas fa-angle-left\"><\/i><\/div><div class=\"jet-carousel__next-arrow-386d1dd jet-arrow next-arrow\"><i aria-hidden=\"true\" class=\"fas fa-angle-right\"><\/i><\/div><\/div>\n<\/div>\n<\/div>\t\t\t\t<\/div>\n\t\t\t\t<\/div>\n\t\t\t\t<div class=\"elementor-element elementor-element-56177f3 elementor-widget elementor-widget-heading\" data-id=\"56177f3\" data-element_type=\"widget\" data-e-type=\"widget\" data-widget_type=\"heading.default\">\n\t\t\t\t<div class=\"elementor-widget-container\">\n\t\t\t\t\t<h2 class=\"elementor-heading-title elementor-size-default\">line MASENGO<\/h2>\t\t\t\t<\/div>\n\t\t\t\t<\/div>\n\t\t\t\t<div class=\"elementor-element elementor-element-aab7c42 elementor-widget elementor-widget-jet-carousel\" data-id=\"aab7c42\" data-element_type=\"widget\" data-e-type=\"widget\" data-settings=\"{&quot;slides_to_show&quot;:&quot;4&quot;,&quot;slides_to_show_tablet&quot;:&quot;2&quot;,&quot;slides_to_show_mobile&quot;:&quot;1&quot;,&quot;slides_to_scroll&quot;:&quot;1&quot;}\" data-widget_type=\"jet-carousel.default\">\n\t\t\t\t<div class=\"elementor-widget-container\">\n\t\t\t\t\t<div class=\"elementor-jet-carousel jet-elements\"><div class=\"jet-carousel-wrap jet-equal-cols\">\n\t<div class=\"jet-carousel\" data-slider_options=\"{&quot;autoplaySpeed&quot;:5000,&quot;autoplay&quot;:true,&quot;infinite&quot;:true,&quot;centerMode&quot;:false,&quot;centerPadding&quot;:&quot;50px&quot;,&quot;pauseOnHover&quot;:false,&quot;speed&quot;:500,&quot;arrows&quot;:true,&quot;dots&quot;:false,&quot;variableWidth&quot;:false,&quot;prevArrow&quot;:&quot;.jet-carousel__prev-arrow-aab7c42&quot;,&quot;nextArrow&quot;:&quot;.jet-carousel__next-arrow-aab7c42&quot;,&quot;rtl&quot;:false,&quot;fractionNav&quot;:false}\" dir=\"ltr\">\n\t<div class=\"elementor-slick-slider\">\n\n<div class=\"jet-carousel__item\">\n\t<div class=\"jet-carousel__item-inner\"><a href=\"https:\/\/dev.guidomazzarello.it\/en\/wines\/barbera-dasti-docg\/\" class=\"jet-carousel__item-link\" ><img decoding=\"async\" src=\"https:\/\/dev.guidomazzarello.it\/wp-content\/uploads\/2023\/08\/Barbera-Asti.jpg\" class=\"jet-carousel__item-img\" alt=\"Barbera-Asti\" loading=\"lazy\"><\/a><div class=\"jet-carousel__content\"><h5 class=\"jet-carousel__item-title\"><a href=\"https:\/\/dev.guidomazzarello.it\/en\/wines\/barbera-dasti-docg\/\">barbera d'asti DOCG<\/a><\/h5><div class=\"jet-carousel__item-text\"><p>Su\u00eda<\/p><\/div><\/div><\/div>\n<\/div>\n\n<div class=\"jet-carousel__item\">\n\t<div class=\"jet-carousel__item-inner\"><a href=\"https:\/\/dev.guidomazzarello.it\/en\/wines\/dolcetto-di-ovada\/\" class=\"jet-carousel__item-link\" ><img decoding=\"async\" src=\"https:\/\/dev.guidomazzarello.it\/wp-content\/uploads\/2023\/08\/Dolcetto-Ovada.jpg\" class=\"jet-carousel__item-img\" alt=\"Dolcetto-Ovada\" loading=\"lazy\"><\/a><div class=\"jet-carousel__content\"><h5 class=\"jet-carousel__item-title\"><a href=\"https:\/\/dev.guidomazzarello.it\/en\/wines\/dolcetto-di-ovada\/\">Dolcetto di Ovada DOC<\/a><\/h5><div class=\"jet-carousel__item-text\"><p>Perusso<\/p><\/div><\/div><\/div>\n<\/div>\n\n<div class=\"jet-carousel__item\">\n\t<div class=\"jet-carousel__item-inner\"><a href=\"https:\/\/dev.guidomazzarello.it\/en\/wines\/grignolino-dasti-doc\/\" class=\"jet-carousel__item-link\" ><img decoding=\"async\" src=\"https:\/\/dev.guidomazzarello.it\/wp-content\/uploads\/2023\/08\/Grignolino-Asti.jpg\" class=\"jet-carousel__item-img\" alt=\"Grignolino-Asti\" loading=\"lazy\"><\/a><div class=\"jet-carousel__content\"><h5 class=\"jet-carousel__item-title\"><a href=\"https:\/\/dev.guidomazzarello.it\/en\/wines\/grignolino-dasti-doc\/\">Grignolino d\u2019Asti DOC<\/a><\/h5><div class=\"jet-carousel__item-text\"><p>Psig\u00f2<\/p><\/div><\/div><\/div>\n<\/div>\n\n<div class=\"jet-carousel__item\">\n\t<div class=\"jet-carousel__item-inner\"><a href=\"https:\/\/dev.guidomazzarello.it\/en\/wines\/gavi-docg\/\" class=\"jet-carousel__item-link\" ><img decoding=\"async\" src=\"https:\/\/dev.guidomazzarello.it\/wp-content\/uploads\/2023\/08\/Gavi-del-comune-di-Gavi.jpg\" class=\"jet-carousel__item-img\" alt=\"Gavi-del-comune-di-Gavi\" loading=\"lazy\"><\/a><div class=\"jet-carousel__content\"><h5 class=\"jet-carousel__item-title\"><a href=\"https:\/\/dev.guidomazzarello.it\/en\/wines\/gavi-docg\/\">Gavi DOCG<\/a><\/h5><div class=\"jet-carousel__item-text\"><p>R\u00fcgr\u00eaj<\/p><\/div><\/div><\/div>\n<\/div>\n\n<div class=\"jet-carousel__item\">\n\t<div class=\"jet-carousel__item-inner\"><a href=\"https:\/\/dev.guidomazzarello.it\/en\/wines\/monferrato-chiaretto-doc\/\" class=\"jet-carousel__item-link\" ><img decoding=\"async\" src=\"https:\/\/dev.guidomazzarello.it\/wp-content\/uploads\/2023\/08\/Chiaretto-del-Monferrato.jpg\" class=\"jet-carousel__item-img\" alt=\"Chiaretto-del-Monferrato\" loading=\"lazy\"><\/a><div class=\"jet-carousel__content\"><h5 class=\"jet-carousel__item-title\"><a href=\"https:\/\/dev.guidomazzarello.it\/en\/wines\/monferrato-chiaretto-doc\/\">Monferrato chiaretto doc<\/a><\/h5><div class=\"jet-carousel__item-text\"><p>Rjna<\/p><\/div><\/div><\/div>\n<\/div>\n<\/div><div class=\"jet-carousel__prev-arrow-aab7c42 jet-arrow prev-arrow\"><i aria-hidden=\"true\" class=\"fas fa-angle-left\"><\/i><\/div><div class=\"jet-carousel__next-arrow-aab7c42 jet-arrow next-arrow\"><i aria-hidden=\"true\" class=\"fas fa-angle-right\"><\/i><\/div><\/div>\n<\/div>\n<\/div>\t\t\t\t<\/div>\n\t\t\t\t<\/div>\n\t\t\t\t<div class=\"elementor-element elementor-element-51a6864 elementor-widget elementor-widget-heading\" data-id=\"51a6864\" data-element_type=\"widget\" data-e-type=\"widget\" data-widget_type=\"heading.default\">\n\t\t\t\t<div class=\"elementor-widget-container\">\n\t\t\t\t\t<h2 class=\"elementor-heading-title elementor-size-default\">line Fradei<\/h2>\t\t\t\t<\/div>\n\t\t\t\t<\/div>\n\t\t\t\t<div class=\"elementor-element elementor-element-9acf78d elementor-widget elementor-widget-jet-carousel\" data-id=\"9acf78d\" data-element_type=\"widget\" data-e-type=\"widget\" data-settings=\"{&quot;slides_to_show&quot;:&quot;4&quot;,&quot;slides_to_show_tablet&quot;:&quot;2&quot;,&quot;slides_to_show_mobile&quot;:&quot;1&quot;,&quot;slides_to_scroll&quot;:&quot;1&quot;}\" data-widget_type=\"jet-carousel.default\">\n\t\t\t\t<div class=\"elementor-widget-container\">\n\t\t\t\t\t<div class=\"elementor-jet-carousel jet-elements\"><div class=\"jet-carousel-wrap jet-equal-cols\">\n\t<div class=\"jet-carousel\" data-slider_options=\"{&quot;autoplaySpeed&quot;:5000,&quot;autoplay&quot;:true,&quot;infinite&quot;:true,&quot;centerMode&quot;:false,&quot;centerPadding&quot;:&quot;50px&quot;,&quot;pauseOnHover&quot;:false,&quot;speed&quot;:500,&quot;arrows&quot;:true,&quot;dots&quot;:false,&quot;variableWidth&quot;:false,&quot;prevArrow&quot;:&quot;.jet-carousel__prev-arrow-9acf78d&quot;,&quot;nextArrow&quot;:&quot;.jet-carousel__next-arrow-9acf78d&quot;,&quot;rtl&quot;:false,&quot;fractionNav&quot;:false}\" dir=\"ltr\">\n\t<div class=\"elementor-slick-slider\">\n\n<div class=\"jet-carousel__item\">\n\t<div class=\"jet-carousel__item-inner\"><a href=\"https:\/\/dev.guidomazzarello.it\/en\/wines\/piemonte-doc-cortese\/\" class=\"jet-carousel__item-link\" ><img decoding=\"async\" src=\"https:\/\/dev.guidomazzarello.it\/wp-content\/uploads\/2023\/11\/PIEMONTE-DOC-CORTESE-Fradei.jpg\" class=\"jet-carousel__item-img\" alt=\"PIEMONTE-DOC-CORTESE-Fradei\" loading=\"lazy\"><\/a><div class=\"jet-carousel__content\"><h5 class=\"jet-carousel__item-title\"><a href=\"https:\/\/dev.guidomazzarello.it\/en\/wines\/piemonte-doc-cortese\/\">Fradei Piemonte Cortese DOC<\/a><\/h5><\/div><\/div>\n<\/div>\n\n<div class=\"jet-carousel__item\">\n\t<div class=\"jet-carousel__item-inner\"><a href=\"https:\/\/dev.guidomazzarello.it\/en\/wines\/piemonte-doc-dolcetto\/\" class=\"jet-carousel__item-link\" ><img decoding=\"async\" src=\"https:\/\/dev.guidomazzarello.it\/wp-content\/uploads\/2023\/11\/PIEMONTE-DOC-DOLCETTO-Fradei.jpg\" class=\"jet-carousel__item-img\" alt=\"PIEMONTE-DOC-DOLCETTO-Fradei\" loading=\"lazy\"><\/a><div class=\"jet-carousel__content\"><h5 class=\"jet-carousel__item-title\"><a href=\"https:\/\/dev.guidomazzarello.it\/en\/wines\/piemonte-doc-dolcetto\/\">Fradei Piemonte Dolcetto DOC<\/a><\/h5><\/div><\/div>\n<\/div>\n\n<div class=\"jet-carousel__item\">\n\t<div class=\"jet-carousel__item-inner\"><a href=\"https:\/\/dev.guidomazzarello.it\/en\/wines\/montepulciano-abruzzo\/\" class=\"jet-carousel__item-link\" ><img decoding=\"async\" src=\"https:\/\/dev.guidomazzarello.it\/wp-content\/uploads\/2023\/11\/PIEMONTE-DOC-BARBERA-Fradei.jpg\" class=\"jet-carousel__item-img\" alt=\"PIEMONTE-DOC-BARBERA-Fradei\" loading=\"lazy\"><\/a><div class=\"jet-carousel__content\"><h5 class=\"jet-carousel__item-title\"><a href=\"https:\/\/dev.guidomazzarello.it\/en\/wines\/montepulciano-abruzzo\/\">Fradei Piemonte Barbera DOC<\/a><\/h5><\/div><\/div>\n<\/div>\n\n<div class=\"jet-carousel__item\">\n\t<div class=\"jet-carousel__item-inner\"><a href=\"https:\/\/dev.guidomazzarello.it\/en\/wines\/pinot-grigio\/\" class=\"jet-carousel__item-link\" ><img decoding=\"async\" src=\"https:\/\/dev.guidomazzarello.it\/wp-content\/uploads\/2023\/11\/PINOT-GRIGIO-Fradei.jpg\" class=\"jet-carousel__item-img\" alt=\"PINOT-GRIGIO-Fradei\" loading=\"lazy\"><\/a><div class=\"jet-carousel__content\"><h5 class=\"jet-carousel__item-title\"><a href=\"https:\/\/dev.guidomazzarello.it\/en\/wines\/pinot-grigio\/\">Fradei Pinot Grigio <\/a><\/h5><\/div><\/div>\n<\/div>\n\n<div class=\"jet-carousel__item\">\n\t<div class=\"jet-carousel__item-inner\"><a href=\"https:\/\/dev.guidomazzarello.it\/en\/wines\/chardonnay-frizzante\/\" class=\"jet-carousel__item-link\" ><img decoding=\"async\" src=\"https:\/\/dev.guidomazzarello.it\/wp-content\/uploads\/2023\/11\/CHARDONNAY-FRIZZANTE-Fradei.jpg\" class=\"jet-carousel__item-img\" alt=\"CHARDONNAY-FRIZZANTE-Fradei\" loading=\"lazy\"><\/a><div class=\"jet-carousel__content\"><h5 class=\"jet-carousel__item-title\"><a href=\"https:\/\/dev.guidomazzarello.it\/en\/wines\/chardonnay-frizzante\/\">Fradei Chardonnay frizzante<\/a><\/h5><\/div><\/div>\n<\/div>\n\n<div class=\"jet-carousel__item\">\n\t<div class=\"jet-carousel__item-inner\"><a href=\"https:\/\/dev.guidomazzarello.it\/en\/wines\/pinot-grigio-rose\/\" class=\"jet-carousel__item-link\" ><img decoding=\"async\" src=\"https:\/\/dev.guidomazzarello.it\/wp-content\/uploads\/2023\/11\/PINOT-GRIGIO-ROSE-Fradei.jpg\" class=\"jet-carousel__item-img\" alt=\"PINOT-GRIGIO-ROSE-Fradei\" loading=\"lazy\"><\/a><div class=\"jet-carousel__content\"><h5 class=\"jet-carousel__item-title\"><a href=\"https:\/\/dev.guidomazzarello.it\/en\/wines\/pinot-grigio-rose\/\">Fradei Pinot Grigio Ros\u00e8<\/a><\/h5><\/div><\/div>\n<\/div>\n<\/div><div class=\"jet-carousel__prev-arrow-9acf78d jet-arrow prev-arrow\"><i aria-hidden=\"true\" class=\"fas fa-angle-left\"><\/i><\/div><div class=\"jet-carousel__next-arrow-9acf78d jet-arrow next-arrow\"><i aria-hidden=\"true\" class=\"fas fa-angle-right\"><\/i><\/div><\/div>\n<\/div>\n<\/div>\t\t\t\t<\/div>\n\t\t\t\t<\/div>\n\t\t\t\t\t<\/div>\n\t\t\t\t<\/div>\n\t\t<div class=\"elementor-element elementor-element-d4740b7 e-flex e-con-boxed e-con e-parent\" data-id=\"d4740b7\" data-element_type=\"container\" data-e-type=\"container\" data-settings=\"{&quot;jet_parallax_layout_list&quot;:[]}\">\n\t\t\t\t\t<div class=\"e-con-inner\">\n\t\t\t\t<div class=\"elementor-element elementor-element-a654440 elementor-widget elementor-widget-heading\" data-id=\"a654440\" data-element_type=\"widget\" data-e-type=\"widget\" data-widget_type=\"heading.default\">\n\t\t\t\t<div class=\"elementor-widget-container\">\n\t\t\t\t\t<h2 class=\"elementor-heading-title elementor-size-default\">Linea dolci &amp; spumanti<\/h2>\t\t\t\t<\/div>\n\t\t\t\t<\/div>\n\t\t\t\t\t<\/div>\n\t\t\t\t<\/div>\n\t\t<div class=\"elementor-element elementor-element-ce22a83 e-flex e-con-boxed e-con e-parent\" data-id=\"ce22a83\" data-element_type=\"container\" data-e-type=\"container\" data-settings=\"{&quot;jet_parallax_layout_list&quot;:[]}\">\n\t\t\t\t\t<div class=\"e-con-inner\">\n\t\t\t\t<div class=\"elementor-element elementor-element-7d2a47f elementor-widget elementor-widget-jet-carousel\" data-id=\"7d2a47f\" data-element_type=\"widget\" data-e-type=\"widget\" data-settings=\"{&quot;slides_to_show&quot;:&quot;4&quot;,&quot;slides_to_show_tablet&quot;:&quot;2&quot;,&quot;slides_to_show_mobile&quot;:&quot;1&quot;,&quot;slides_to_scroll&quot;:&quot;1&quot;}\" data-widget_type=\"jet-carousel.default\">\n\t\t\t\t<div class=\"elementor-widget-container\">\n\t\t\t\t\t<div class=\"elementor-jet-carousel jet-elements\"><div class=\"jet-carousel-wrap jet-equal-cols\">\n\t<div class=\"jet-carousel\" data-slider_options=\"{&quot;autoplaySpeed&quot;:5000,&quot;autoplay&quot;:true,&quot;infinite&quot;:true,&quot;centerMode&quot;:false,&quot;centerPadding&quot;:&quot;50px&quot;,&quot;pauseOnHover&quot;:false,&quot;speed&quot;:500,&quot;arrows&quot;:true,&quot;dots&quot;:false,&quot;variableWidth&quot;:false,&quot;prevArrow&quot;:&quot;.jet-carousel__prev-arrow-7d2a47f&quot;,&quot;nextArrow&quot;:&quot;.jet-carousel__next-arrow-7d2a47f&quot;,&quot;rtl&quot;:false,&quot;fractionNav&quot;:false}\" dir=\"ltr\">\n\t<div class=\"elementor-slick-slider\">\n\n<div class=\"jet-carousel__item\">\n\t<div class=\"jet-carousel__item-inner\"><div class=\"jet-carousel__content\"><\/div><\/div>\n<\/div>\n\n<div class=\"jet-carousel__item\">\n\t<div class=\"jet-carousel__item-inner\"><a href=\"https:\/\/dev.guidomazzarello.it\/en\/wines\/grand-cuvee\/\" class=\"jet-carousel__item-link\" ><img decoding=\"async\" src=\"https:\/\/dev.guidomazzarello.it\/wp-content\/uploads\/2024\/04\/Grand-Cuvee.png\" class=\"jet-carousel__item-img\" alt=\"Grand Cuvee\" loading=\"lazy\"><\/a><div class=\"jet-carousel__content\"><h5 class=\"jet-carousel__item-title\"><a href=\"https:\/\/dev.guidomazzarello.it\/en\/wines\/grand-cuvee\/\">grand cuvee<\/a><\/h5><\/div><\/div>\n<\/div>\n\n<div class=\"jet-carousel__item\">\n\t<div class=\"jet-carousel__item-inner\"><a href=\"https:\/\/dev.guidomazzarello.it\/en\/wines\/piemonte-moscato\/\" class=\"jet-carousel__item-link\" ><img decoding=\"async\" src=\"https:\/\/dev.guidomazzarello.it\/wp-content\/uploads\/2024\/04\/moscato.png\" class=\"jet-carousel__item-img\" alt=\"moscato\" loading=\"lazy\"><\/a><div class=\"jet-carousel__content\"><h5 class=\"jet-carousel__item-title\"><a href=\"https:\/\/dev.guidomazzarello.it\/en\/wines\/piemonte-moscato\/\">Piemonte moscato<\/a><\/h5><\/div><\/div>\n<\/div>\n\n<div class=\"jet-carousel__item\">\n\t<div class=\"jet-carousel__item-inner\"><div class=\"jet-carousel__content\"><\/div><\/div>\n<\/div>\n<\/div><div class=\"jet-carousel__prev-arrow-7d2a47f jet-arrow prev-arrow\"><i aria-hidden=\"true\" class=\"fas fa-angle-left\"><\/i><\/div><div class=\"jet-carousel__next-arrow-7d2a47f jet-arrow next-arrow\"><i aria-hidden=\"true\" class=\"fas fa-angle-right\"><\/i><\/div><\/div>\n<\/div>\n<\/div>\t\t\t\t<\/div>\n\t\t\t\t<\/div>\n\t\t\t\t\t<\/div>\n\t\t\t\t<\/div>\n\t\t\t\t<\/div>\n\t\t","protected":false},"excerpt":{"rendered":"<p>The Wines line Poggio Barbera d\u2019Asti Superiore DOCG Poggio della Quercia Gavi del comune di Gavi DOCG Poggio del Tiglio Barbera d\u2019Asti Superiore DOCG Poggio della Quercia Gavi del comune di Gavi DOCG Poggio del Tiglio line MASENGO barbera d&#8217;asti DOCG Su\u00eda Dolcetto di Ovada DOC Perusso Grignolino d\u2019Asti DOC Psig\u00f2 Gavi DOCG R\u00fcgr\u00eaj Monferrato [&hellip;]<\/p>\n","protected":false},"author":1,"featured_media":0,"parent":0,"menu_order":0,"comment_status":"closed","ping_status":"closed","template":"elementor_header_footer","meta":{"footnotes":""},"class_list":["post-3087","page","type-page","status-publish","hentry"],"jetpack_sharing_enabled":true,"_links":{"self":[{"href":"https:\/\/dev.guidomazzarello.it\/en\/wp-json\/wp\/v2\/pages\/3087","targetHints":{"allow":["GET"]}}],"collection":[{"href":"https:\/\/dev.guidomazzarello.it\/en\/wp-json\/wp\/v2\/pages"}],"about":[{"href":"https:\/\/dev.guidomazzarello.it\/en\/wp-json\/wp\/v2\/types\/page"}],"author":[{"embeddable":true,"href":"https:\/\/dev.guidomazzarello.it\/en\/wp-json\/wp\/v2\/users\/1"}],"replies":[{"embeddable":true,"href":"https:\/\/dev.guidomazzarello.it\/en\/wp-json\/wp\/v2\/comments?post=3087"}],"version-history":[{"count":0,"href":"https:\/\/dev.guidomazzarello.it\/en\/wp-json\/wp\/v2\/pages\/3087\/revisions"}],"wp:attachment":[{"href":"https:\/\/dev.guidomazzarello.it\/en\/wp-json\/wp\/v2\/media?parent=3087"}],"curies":[{"name":"wp","href":"https:\/\/api.w.org\/{rel}","templated":true}]}}